{"id":30,"date":"2018-12-30T07:22:10","date_gmt":"2018-12-30T07:22:10","guid":{"rendered":"https:\/\/agency.oceanwp.org\/?page_id=30"},"modified":"2025-09-15T13:47:49","modified_gmt":"2025-09-15T10:47:49","slug":"yhteystiedot","status":"publish","type":"page","link":"https:\/\/cp-9.wmhost.com\/~mansikkaniemi\/yhteystiedot\/","title":{"rendered":"Yhteystiedot"},"content":{"rendered":"\t\t<div data-elementor-type=\"wp-post\" data-elementor-id=\"30\" class=\"elementor elementor-30\">\n\t\t\t\t\t\t<section class=\"elementor-section elementor-top-section elementor-element elementor-element-aa33877 elementor-section-boxed elementor-section-height-default elementor-section-height-default\" data-id=\"aa33877\" data-element_type=\"section\" data-e-type=\"section\" data-settings=\"{&quot;background_background&quot;:&quot;classic&quot;}\">\n\t\t\t\t\t\t<div class=\"elementor-container elementor-column-gap-default\">\n\t\t\t\t\t<div class=\"elementor-column elementor-col-100 elementor-top-column elementor-element elementor-element-53b6e30\" data-id=\"53b6e30\" data-element_type=\"column\" data-e-type=\"column\">\n\t\t\t<div class=\"elementor-widget-wrap elementor-element-populated\">\n\t\t\t\t\t\t<div class=\"elementor-element elementor-element-c2fb2df elementor-widget elementor-widget-heading\" data-id=\"c2fb2df\" data-element_type=\"widget\" data-e-type=\"widget\" data-widget_type=\"heading.default\">\n\t\t\t\t<div class=\"elementor-widget-container\">\n\t\t\t\t\t<h1 class=\"elementor-heading-title elementor-size-default\">Ota yhteytt\u00e4<\/h1>\t\t\t\t<\/div>\n\t\t\t\t<\/div>\n\t\t\t\t<div class=\"elementor-element elementor-element-640da3a oew-divider-center elementor-widget elementor-widget-oew-divider\" data-id=\"640da3a\" data-element_type=\"widget\" data-e-type=\"widget\" data-widget_type=\"oew-divider.default\">\n\t\t\t\t<div class=\"elementor-widget-container\">\n\t\t\t\t\t\n\t\t<div class=\"oew-divider-wrap\">\n\t\t\t<div class=\"oew-divider oew-divider-before\"><\/div>\n\t\t\t<div class=\"oew-divider-middle\">\n\t\t\t\t<i aria-hidden=\"true\" class=\"fas fa-star\"><\/i>\t\t\t<\/div>\n\t\t\t<div class=\"oew-divider oew-divider-after\"><\/div>\n\t\t<\/div>\n\n\t\t\t\t\t\t<\/div>\n\t\t\t\t<\/div>\n\t\t\t\t<section class=\"elementor-section elementor-inner-section elementor-element elementor-element-79f6e1d elementor-section-boxed elementor-section-height-default elementor-section-height-default\" data-id=\"79f6e1d\" data-element_type=\"section\" data-e-type=\"section\">\n\t\t\t\t\t\t<div class=\"elementor-container elementor-column-gap-wide\">\n\t\t\t\t\t<div class=\"elementor-column elementor-col-50 elementor-inner-column elementor-element elementor-element-2950802\" data-id=\"2950802\" data-element_type=\"column\" data-e-type=\"column\">\n\t\t\t<div class=\"elementor-widget-wrap elementor-element-populated\">\n\t\t\t\t\t\t<div class=\"elementor-element elementor-element-89f8ad8 elementor-widget elementor-widget-wp-widget-ocean_contact_info\" data-id=\"89f8ad8\" data-element_type=\"widget\" data-e-type=\"widget\" data-widget_type=\"wp-widget-ocean_contact_info.default\">\n\t\t\t\t<div class=\"elementor-widget-container\">\n\t\t\t\t\t<ul class=\"contact-info-widget big-icons\"><li class=\"address\"><i class=\"icon-location-pin\" aria-hidden=\"true\"><\/i><div class=\"oceanwp-info-wrap\"><span class=\"oceanwp-contact-title\">Osoite<\/span><span class=\"oceanwp-contact-text\">P\u00f6lkynniementie 23 B, Rantasalmi<\/span><\/div><\/li><li class=\"phone\"><i class=\"icon-phone\" aria-hidden=\"true\"><\/i><div class=\"oceanwp-info-wrap\"><span class=\"oceanwp-contact-title\">Puhelin:<\/span><a href=\"tel:+358405038115\"><span class=\"oceanwp-contact-text\">040 503 8115<\/span><\/a><span class=\"screen-reader-text\">Opens in your application<\/span><\/div><\/li><li class=\"email\"><i class=\"icon-envelope\" aria-hidden=\"true\"><\/i><div class=\"oceanwp-info-wrap\"><span class=\"oceanwp-contact-title\">S\u00e4hk\u00f6posti:<\/span><span class=\"oceanwp-contact-text\"><a href=\"mailto:&#105;&#110;f&#111;&#064;m&#097;ns&#105;&#107;&#107;a&#110;&#105;e&#109;i&#046;&#110;et\">info@mansikkaniemi.net<\/a><span class=\"screen-reader-text\">Opens in your application<\/span><\/span><\/div><\/li><li class=\"web\"><i class=\"icon-link\" aria-hidden=\"true\"><\/i><div class=\"oceanwp-info-wrap\"><span class=\"oceanwp-contact-title\">Verkkosivu:<\/span><span class=\"oceanwp-contact-text\"><a href=\"http:\/\/mansikkaniemi.net\" target=\"_self\" >mansikkaniemi.net<\/a><\/span><\/div><\/li><\/ul>\t\t\t\t<\/div>\n\t\t\t\t<\/div>\n\t\t\t\t<div class=\"elementor-element elementor-element-e9b2dc2 oew-cta-style-basic elementor-widget elementor-widget-oew-call-to-action\" data-id=\"e9b2dc2\" data-element_type=\"widget\" data-e-type=\"widget\" data-widget_type=\"oew-call-to-action.default\">\n\t\t\t\t<div class=\"elementor-widget-container\">\n\t\t\t\t\t\n\t\t<div class=\"oew-cta\">\n\n\t\t\t\n\t\t\t<div class=\"oew-cta-inner\">\n\t\t\t\t\t\t\t\t\t<h3 class=\"oew-cta-title oew-cta-content\">\n\t\t\t\t\t\tVaraa m\u00f6kki tai hotellihuone\t\t\t\t\t<\/h3>\n\t\t\t\t\t\t\t\t\t\t<div class=\"oew-cta-description oew-cta-content\"><strong>Voit varata majoituksen soittamalla meille <a href=\"tel:+358405038115\">040 503 8115<\/a> tai Booking.com -palvelusta.<\/strong><\/div>\n\t\t\t\t\t\t\t\t\t\t<div class=\"oew-cta-btn oew-cta-content\">\n\t\t\t\t\t\t<a class=\"button\" href=\"https:\/\/www.booking.com\/hotel\/fi\/mansikkaniemen-lomamokit.fi.html\">\n\t\t\t\t\t\t\t<i aria-hidden=\"true\" class=\"\"><\/i>\t\t\t\t\t\t\t<span>Booking.com<\/span>\n\t\t\t\t\t\t\t\t\t\t\t\t\t<\/a>\n\n\t\t\t\t\t\t\t\t\t\t\t<\/div>\n\t\t\t\t\t\t\t\t<\/div>\n\t\t<\/div>\n\n\t\t\t\t\t\t<\/div>\n\t\t\t\t<\/div>\n\t\t\t\t\t<\/div>\n\t\t<\/div>\n\t\t\t\t<div class=\"elementor-column elementor-col-50 elementor-inner-column elementor-element elementor-element-61f7f46\" data-id=\"61f7f46\" data-element_type=\"column\" data-e-type=\"column\">\n\t\t\t<div class=\"elementor-widget-wrap elementor-element-populated\">\n\t\t\t\t\t\t<div class=\"elementor-element elementor-element-4dabc94 elementor-widget elementor-widget-oew-wpforms\" data-id=\"4dabc94\" data-element_type=\"widget\" data-e-type=\"widget\" data-widget_type=\"oew-wpforms.default\">\n\t\t\t\t<div class=\"elementor-widget-container\">\n\t\t\t\t\t<div class=\"wpforms-container wpforms-container-full\" id=\"wpforms-635\"><form id=\"wpforms-form-635\" class=\"wpforms-validate wpforms-form\" data-formid=\"635\" method=\"post\" enctype=\"multipart\/form-data\" action=\"\/~mansikkaniemi\/yhteystiedot\/\" data-token=\"66d605d87c2d9988d489b87efd047b5a\" data-token-time=\"1776292973\"><noscript class=\"wpforms-error-noscript\">Please enable JavaScript in your browser to complete this form.<\/noscript><div class=\"wpforms-field-container\"><div id=\"wpforms-635-field_0-container\" class=\"wpforms-field wpforms-field-name\" data-field-id=\"0\"><label class=\"wpforms-field-label\" for=\"wpforms-635-field_0\">Nimi <span class=\"wpforms-required-label\">*<\/span><\/label><input type=\"text\" id=\"wpforms-635-field_0\" class=\"wpforms-field-large wpforms-field-required\" name=\"wpforms[fields][0]\" placeholder=\"Name\" required><\/div><div id=\"wpforms-635-field_1-container\" class=\"wpforms-field wpforms-field-email\" data-field-id=\"1\"><label class=\"wpforms-field-label\" for=\"wpforms-635-field_1\">S\u00e4hk\u00f6posti <span class=\"wpforms-required-label\">*<\/span><\/label><input type=\"email\" id=\"wpforms-635-field_1\" class=\"wpforms-field-large wpforms-field-required\" name=\"wpforms[fields][1]\" placeholder=\"Email\" spellcheck=\"false\" required><\/div><div id=\"wpforms-635-field_9-container\" class=\"wpforms-field wpforms-field-text\" data-field-id=\"9\"><label class=\"wpforms-field-label\" for=\"wpforms-635-field_9\">Puhelinnumero<\/label><input type=\"text\" id=\"wpforms-635-field_9\" class=\"wpforms-field-large\" name=\"wpforms[fields][9]\" placeholder=\"Phone\" ><\/div><div id=\"wpforms-635-field_2-container\" class=\"wpforms-field wpforms-field-textarea\" data-field-id=\"2\"><label class=\"wpforms-field-label\" for=\"wpforms-635-field_2\">Viesti <span class=\"wpforms-required-label\">*<\/span><\/label><textarea id=\"wpforms-635-field_2\" class=\"wpforms-field-medium wpforms-field-required\" name=\"wpforms[fields][2]\" placeholder=\"Message\" required><\/textarea><\/div><\/div><!-- .wpforms-field-container --><div class=\"wpforms-field wpforms-field-hp\"><label for=\"wpforms-635-field-hp\" class=\"wpforms-field-label\">Phone<\/label><input type=\"text\" name=\"wpforms[hp]\" id=\"wpforms-635-field-hp\" class=\"wpforms-field-medium\"><\/div><div class=\"wpforms-recaptcha-container wpforms-is-recaptcha wpforms-is-recaptcha-type-invisible\" ><div class=\"g-recaptcha\" data-sitekey=\"6LeGehgmAAAAAATkaTXwlzS_qTuePHmBh0riezxU\" data-size=\"invisible\"><\/div><\/div><div class=\"wpforms-submit-container\" ><input type=\"hidden\" name=\"wpforms[id]\" value=\"635\"><input type=\"hidden\" name=\"page_title\" value=\"Yhteystiedot\"><input type=\"hidden\" name=\"page_url\" value=\"https:\/\/cp-9.wmhost.com\/~mansikkaniemi\/yhteystiedot\/\"><input type=\"hidden\" name=\"url_referer\" value=\"\"><input type=\"hidden\" name=\"page_id\" value=\"30\"><input type=\"hidden\" name=\"wpforms[post_id]\" value=\"30\"><button type=\"submit\" name=\"wpforms[submit]\" id=\"wpforms-submit-635\" class=\"wpforms-submit\" data-alt-text=\"Sending...\" data-submit-text=\"L\u00e4het\u00e4\" aria-live=\"assertive\" value=\"wpforms-submit\">L\u00e4het\u00e4<\/button><\/div><\/form><\/div>  <!-- .wpforms-container -->\t\t\t\t<\/div>\n\t\t\t\t<\/div>\n\t\t\t\t\t<\/div>\n\t\t<\/div>\n\t\t\t\t\t<\/div>\n\t\t<\/section>\n\t\t\t\t\t<\/div>\n\t\t<\/div>\n\t\t\t\t\t<\/div>\n\t\t<\/section>\n\t\t\t\t<section class=\"elementor-section elementor-top-section elementor-element elementor-element-4e08d3d elementor-section-full_width elementor-section-height-default elementor-section-height-default\" data-id=\"4e08d3d\" data-element_type=\"section\" data-e-type=\"section\">\n\t\t\t\t\t\t<div class=\"elementor-container elementor-column-gap-default\">\n\t\t\t\t\t<div class=\"elementor-column elementor-col-100 elementor-top-column elementor-element elementor-element-b2d87f5\" data-id=\"b2d87f5\" data-element_type=\"column\" data-e-type=\"column\">\n\t\t\t<div class=\"elementor-widget-wrap elementor-element-populated\">\n\t\t\t\t\t\t<div class=\"elementor-element elementor-element-30b9a19 elementor-widget elementor-widget-google_maps\" data-id=\"30b9a19\" data-element_type=\"widget\" data-e-type=\"widget\" data-widget_type=\"google_maps.default\">\n\t\t\t\t<div class=\"elementor-widget-container\">\n\t\t\t\t\t\t\t<div class=\"elementor-custom-embed\">\n\t\t\t<iframe loading=\"lazy\"\n\t\t\t\t\tsrc=\"https:\/\/maps.google.com\/maps?q=p%C3%B6lkynniementie%2023%20rantasalmi&#038;t=m&#038;z=10&#038;output=embed&#038;iwloc=near\"\n\t\t\t\t\ttitle=\"p\u00f6lkynniementie 23 rantasalmi\"\n\t\t\t\t\taria-label=\"p\u00f6lkynniementie 23 rantasalmi\"\n\t\t\t><\/iframe>\n\t\t<\/div>\n\t\t\t\t\t\t<\/div>\n\t\t\t\t<\/div>\n\t\t\t\t\t<\/div>\n\t\t<\/div>\n\t\t\t\t\t<\/div>\n\t\t<\/section>\n\t\t\t\t<\/div>\n\t\t","protected":false},"excerpt":{"rendered":"<p>Ota yhteytt\u00e4 Varaa m\u00f6kki tai hotellihuone Voit varata majoituksen soittamalla meille 040 503 8115 tai Booking.com -palvelusta. Booking.com Please enable JavaScript in your browser to complete this form.Nimi *S\u00e4hk\u00f6posti *PuhelinnumeroViesti *Email L\u00e4het\u00e4<\/p>\n","protected":false},"author":1,"featured_media":0,"parent":0,"menu_order":0,"comment_status":"closed","ping_status":"closed","template":"","meta":{"ocean_post_layout":"full-screen","ocean_both_sidebars_style":"","ocean_both_sidebars_content_width":0,"ocean_both_sidebars_sidebars_width":0,"ocean_sidebar":"0","ocean_second_sidebar":"0","ocean_disable_margins":"enable","ocean_add_body_class":"","ocean_shortcode_before_top_bar":"","ocean_shortcode_after_top_bar":"","ocean_shortcode_before_header":"","ocean_shortcode_after_header":"","ocean_has_shortcode":"","ocean_shortcode_after_title":"","ocean_shortcode_before_footer_widgets":"","ocean_shortcode_after_footer_widgets":"","ocean_shortcode_before_footer_bottom":"","ocean_shortcode_after_footer_bottom":"","ocean_display_top_bar":"default","ocean_display_header":"default","ocean_header_style":"","ocean_center_header_left_menu":"0","ocean_custom_header_template":"0","ocean_custom_logo":0,"ocean_custom_retina_logo":0,"ocean_custom_logo_max_width":0,"ocean_custom_logo_tablet_max_width":0,"ocean_custom_logo_mobile_max_width":0,"ocean_custom_logo_max_height":0,"ocean_custom_logo_tablet_max_height":0,"ocean_custom_logo_mobile_max_height":0,"ocean_header_custom_menu":"0","ocean_menu_typo_font_family":"0","ocean_menu_typo_font_subset":"","ocean_menu_typo_font_size":0,"ocean_menu_typo_font_size_tablet":0,"ocean_menu_typo_font_size_mobile":0,"ocean_menu_typo_font_size_unit":"px","ocean_menu_typo_font_weight":"","ocean_menu_typo_font_weight_tablet":"","ocean_menu_typo_font_weight_mobile":"","ocean_menu_typo_transform":"","ocean_menu_typo_transform_tablet":"","ocean_menu_typo_transform_mobile":"","ocean_menu_typo_line_height":0,"ocean_menu_typo_line_height_tablet":0,"ocean_menu_typo_line_height_mobile":0,"ocean_menu_typo_line_height_unit":"","ocean_menu_typo_spacing":0,"ocean_menu_typo_spacing_tablet":0,"ocean_menu_typo_spacing_mobile":0,"ocean_menu_typo_spacing_unit":"","ocean_menu_link_color":"","ocean_menu_link_color_hover":"","ocean_menu_link_color_active":"","ocean_menu_link_background":"","ocean_menu_link_hover_background":"","ocean_menu_link_active_background":"","ocean_menu_social_links_bg":"","ocean_menu_social_hover_links_bg":"","ocean_menu_social_links_color":"","ocean_menu_social_hover_links_color":"","ocean_disable_title":"enable","ocean_disable_heading":"on","ocean_post_title":"","ocean_post_subheading":"","ocean_post_title_style":"background-image","ocean_post_title_background_color":"","ocean_post_title_background":652,"ocean_post_title_bg_image_position":"center center","ocean_post_title_bg_image_attachment":"","ocean_post_title_bg_image_repeat":"no-repeat","ocean_post_title_bg_image_size":"cover","ocean_post_title_height":0,"ocean_post_title_bg_overlay":0.5,"ocean_post_title_bg_overlay_color":"#191919","ocean_disable_breadcrumbs":"default","ocean_breadcrumbs_color":"","ocean_breadcrumbs_separator_color":"","ocean_breadcrumbs_links_color":"","ocean_breadcrumbs_links_hover_color":"","ocean_display_footer_widgets":"default","ocean_display_footer_bottom":"default","ocean_custom_footer_template":"0","osh_disable_topbar_sticky":"default","osh_disable_header_sticky":"default","osh_sticky_header_style":"default","osh_sticky_header_effect":"","osh_custom_sticky_logo":0,"osh_custom_retina_sticky_logo":0,"osh_custom_sticky_logo_height":0,"osh_background_color":"","osh_links_color":"","osh_links_hover_color":"","osh_links_active_color":"","osh_links_bg_color":"","osh_links_hover_bg_color":"","osh_links_active_bg_color":"","osh_menu_social_links_color":"","osh_menu_social_hover_links_color":"","footnotes":""},"class_list":["post-30","page","type-page","status-publish","hentry","entry"],"_links":{"self":[{"href":"https:\/\/cp-9.wmhost.com\/~mansikkaniemi\/wp-json\/wp\/v2\/pages\/30","targetHints":{"allow":["GET"]}}],"collection":[{"href":"https:\/\/cp-9.wmhost.com\/~mansikkaniemi\/wp-json\/wp\/v2\/pages"}],"about":[{"href":"https:\/\/cp-9.wmhost.com\/~mansikkaniemi\/wp-json\/wp\/v2\/types\/page"}],"author":[{"embeddable":true,"href":"https:\/\/cp-9.wmhost.com\/~mansikkaniemi\/wp-json\/wp\/v2\/users\/1"}],"replies":[{"embeddable":true,"href":"https:\/\/cp-9.wmhost.com\/~mansikkaniemi\/wp-json\/wp\/v2\/comments?post=30"}],"version-history":[{"count":53,"href":"https:\/\/cp-9.wmhost.com\/~mansikkaniemi\/wp-json\/wp\/v2\/pages\/30\/revisions"}],"predecessor-version":[{"id":2642,"href":"https:\/\/cp-9.wmhost.com\/~mansikkaniemi\/wp-json\/wp\/v2\/pages\/30\/revisions\/2642"}],"wp:attachment":[{"href":"https:\/\/cp-9.wmhost.com\/~mansikkaniemi\/wp-json\/wp\/v2\/media?parent=30"}],"curies":[{"name":"wp","href":"https:\/\/api.w.org\/{rel}","templated":true}]}}